{"id":22,"date":"2015-06-25T14:21:37","date_gmt":"2015-06-25T11:21:37","guid":{"rendered":"http:\/\/www.bossrix.ee\/?page_id=22"},"modified":"2024-01-22T10:01:31","modified_gmt":"2024-01-22T08:01:31","slug":"fassaaditood","status":"publish","type":"page","link":"https:\/\/www.bossrix.ee\/ru\/tehtud-tood\/fassaaditood\/","title":{"rendered":"\u0424\u0430\u0441\u0430\u0434\u043d\u044b\u0435 \u0440\u0430\u0431\u043e\u0442\u044b"},"content":{"rendered":"<p>\n\t\t<style type=\"text\/css\">\n\t\t\t#gallery-3 {\n\t\t\t\tmargin: auto;\n\t\t\t}\n\t\t\t#gallery-3 .gallery-item {\n\t\t\t\tfloat: left;\n\t\t\t\tmargin-top: 10px;\n\t\t\t\ttext-align: center;\n\t\t\t\twidth: 33%;\n\t\t\t}\n\t\t\t#gallery-3 img {\n\t\t\t\tborder: 2px solid #cfcfcf;\n\t\t\t}\n\t\t\t#gallery-3 .gallery-caption {\n\t\t\t\tmargin-left: 0;\n\t\t\t}\n\t\t\t\/* see gallery_shortcode() in wp-includes\/media.php *\/\n\t\t<\/style>\n\t\t<div id='gallery-3' class='gallery galleryid-22 gallery-columns-3 gallery-size-thumbnail'><dl class='gallery-item'>\n\t\t\t<dt class='gallery-icon portrait'>\n\t\t\t\t<a class=\"grouped_elements\" rel=\"tc-fancybox-group\" href=\"https:\/\/www.bossrix.ee\/wp-content\/uploads\/2015\/11\/2013-04-11-13.41.41-e1447014068689.jpg\" title=\"\"><img width=\"200\" height=\"200\" src=\"https:\/\/www.bossrix.ee\/wp-content\/uploads\/2015\/11\/2013-04-11-13.41.41-e1447014068689-200x200.jpg\" class=\"attachment-thumbnail size-thumbnail\" alt=\"\" decoding=\"async\" loading=\"lazy\" \/><\/a>\n\t\t\t<\/dt><\/dl><dl class='gallery-item'>\n\t\t\t<dt class='gallery-icon landscape'>\n\t\t\t\t<a class=\"grouped_elements\" rel=\"tc-fancybox-group\" href=\"https:\/\/www.bossrix.ee\/wp-content\/uploads\/2015\/11\/2013-04-24-11.36.32.jpg\" title=\"\"><img width=\"200\" height=\"200\" src=\"https:\/\/www.bossrix.ee\/wp-content\/uploads\/2015\/11\/2013-04-24-11.36.32-200x200.jpg\" class=\"attachment-thumbnail size-thumbnail\" alt=\"\" decoding=\"async\" loading=\"lazy\" \/><\/a>\n\t\t\t<\/dt><\/dl><dl class='gallery-item'>\n\t\t\t<dt class='gallery-icon landscape'>\n\t\t\t\t<a class=\"grouped_elements\" rel=\"tc-fancybox-group\" href=\"https:\/\/www.bossrix.ee\/wp-content\/uploads\/2015\/11\/2013-04-24-11.36.03.jpg\" title=\"\"><img width=\"200\" height=\"200\" src=\"https:\/\/www.bossrix.ee\/wp-content\/uploads\/2015\/11\/2013-04-24-11.36.03-200x200.jpg\" class=\"attachment-thumbnail size-thumbnail\" alt=\"\" decoding=\"async\" loading=\"lazy\" \/><\/a>\n\t\t\t<\/dt><\/dl><br style=\"clear: both\" \/><dl class='gallery-item'>\n\t\t\t<dt class='gallery-icon landscape'>\n\t\t\t\t<a class=\"grouped_elements\" rel=\"tc-fancybox-group\" href=\"https:\/\/www.bossrix.ee\/wp-content\/uploads\/2015\/11\/2013-04-24-10.27.30.jpg\" title=\"\"><img width=\"200\" height=\"200\" src=\"https:\/\/www.bossrix.ee\/wp-content\/uploads\/2015\/11\/2013-04-24-10.27.30-200x200.jpg\" class=\"attachment-thumbnail size-thumbnail\" alt=\"\" decoding=\"async\" loading=\"lazy\" \/><\/a>\n\t\t\t<\/dt><\/dl><dl class='gallery-item'>\n\t\t\t<dt class='gallery-icon landscape'>\n\t\t\t\t<a class=\"grouped_elements\" rel=\"tc-fancybox-group\" href=\"https:\/\/www.bossrix.ee\/wp-content\/uploads\/2015\/11\/2013-04-19-13.32.56.jpg\" title=\"\"><img width=\"200\" height=\"200\" src=\"https:\/\/www.bossrix.ee\/wp-content\/uploads\/2015\/11\/2013-04-19-13.32.56-200x200.jpg\" class=\"attachment-thumbnail size-thumbnail\" alt=\"\" decoding=\"async\" loading=\"lazy\" \/><\/a>\n\t\t\t<\/dt><\/dl><dl class='gallery-item'>\n\t\t\t<dt class='gallery-icon landscape'>\n\t\t\t\t<a class=\"grouped_elements\" rel=\"tc-fancybox-group\" href=\"https:\/\/www.bossrix.ee\/wp-content\/uploads\/2015\/11\/2013-04-11-13.41.52.jpg\" title=\"\"><img width=\"200\" height=\"200\" src=\"https:\/\/www.bossrix.ee\/wp-content\/uploads\/2015\/11\/2013-04-11-13.41.52-200x200.jpg\" class=\"attachment-thumbnail size-thumbnail\" alt=\"\" decoding=\"async\" loading=\"lazy\" \/><\/a>\n\t\t\t<\/dt><\/dl><br style=\"clear: both\" \/><dl class='gallery-item'>\n\t\t\t<dt class='gallery-icon landscape'>\n\t\t\t\t<a class=\"grouped_elements\" rel=\"tc-fancybox-group\" href=\"https:\/\/www.bossrix.ee\/wp-content\/uploads\/2015\/11\/2013-06-07-12.59.02.jpg\" title=\"\"><img width=\"200\" height=\"200\" src=\"https:\/\/www.bossrix.ee\/wp-content\/uploads\/2015\/11\/2013-06-07-12.59.02-200x200.jpg\" class=\"attachment-thumbnail size-thumbnail\" alt=\"\" decoding=\"async\" loading=\"lazy\" \/><\/a>\n\t\t\t<\/dt><\/dl><dl class='gallery-item'>\n\t\t\t<dt class='gallery-icon landscape'>\n\t\t\t\t<a class=\"grouped_elements\" rel=\"tc-fancybox-group\" href=\"https:\/\/www.bossrix.ee\/wp-content\/uploads\/2015\/11\/2013-06-07-12.56.43.jpg\" title=\"\"><img width=\"200\" height=\"200\" src=\"https:\/\/www.bossrix.ee\/wp-content\/uploads\/2015\/11\/2013-06-07-12.56.43-200x200.jpg\" class=\"attachment-thumbnail size-thumbnail\" alt=\"\" decoding=\"async\" loading=\"lazy\" \/><\/a>\n\t\t\t<\/dt><\/dl><dl class='gallery-item'>\n\t\t\t<dt class='gallery-icon landscape'>\n\t\t\t\t<a class=\"grouped_elements\" rel=\"tc-fancybox-group\" href=\"https:\/\/www.bossrix.ee\/wp-content\/uploads\/2015\/11\/Kurem\u00e4e-klooster-kirdetorn-restaureeritud.jpg\" title=\"\"><img width=\"200\" height=\"200\" src=\"https:\/\/www.bossrix.ee\/wp-content\/uploads\/2015\/11\/Kurem\u00e4e-klooster-kirdetorn-restaureeritud-200x200.jpg\" class=\"attachment-thumbnail size-thumbnail\" alt=\"\" decoding=\"async\" loading=\"lazy\" \/><\/a>\n\t\t\t<\/dt><\/dl><br style=\"clear: both\" \/><dl class='gallery-item'>\n\t\t\t<dt class='gallery-icon portrait'>\n\t\t\t\t<a class=\"grouped_elements\" rel=\"tc-fancybox-group\" href=\"https:\/\/www.bossrix.ee\/wp-content\/uploads\/2015\/11\/Kurem\u00e4e-klooster-kirdetorni-rest..jpg\" title=\"\"><img width=\"200\" height=\"200\" src=\"https:\/\/www.bossrix.ee\/wp-content\/uploads\/2015\/11\/Kurem\u00e4e-klooster-kirdetorni-rest.-200x200.jpg\" class=\"attachment-thumbnail size-thumbnail\" alt=\"\" decoding=\"async\" loading=\"lazy\" \/><\/a>\n\t\t\t<\/dt><\/dl><dl class='gallery-item'>\n\t\t\t<dt class='gallery-icon portrait'>\n\t\t\t\t<a class=\"grouped_elements\" rel=\"tc-fancybox-group\" href=\"https:\/\/www.bossrix.ee\/wp-content\/uploads\/2015\/11\/Kurem\u00e4e-klooster-kirdetorni-restaur..jpg\" title=\"\"><img width=\"200\" height=\"200\" src=\"https:\/\/www.bossrix.ee\/wp-content\/uploads\/2015\/11\/Kurem\u00e4e-klooster-kirdetorni-restaur.-200x200.jpg\" class=\"attachment-thumbnail size-thumbnail\" alt=\"\" decoding=\"async\" loading=\"lazy\" \/><\/a>\n\t\t\t<\/dt><\/dl><dl class='gallery-item'>\n\t\t\t<dt class='gallery-icon landscape'>\n\t\t\t\t<a class=\"grouped_elements\" rel=\"tc-fancybox-group\" href=\"https:\/\/www.bossrix.ee\/wp-content\/uploads\/2015\/11\/Kurem\u00e4e-klooster-P\u00fchade-V\u00e4ravate-restaur..jpg\" title=\"\"><img width=\"200\" height=\"200\" src=\"https:\/\/www.bossrix.ee\/wp-content\/uploads\/2015\/11\/Kurem\u00e4e-klooster-P\u00fchade-V\u00e4ravate-restaur.-200x200.jpg\" class=\"attachment-thumbnail size-thumbnail\" alt=\"\" decoding=\"async\" loading=\"lazy\" \/><\/a>\n\t\t\t<\/dt><\/dl><br style=\"clear: both\" \/><dl class='gallery-item'>\n\t\t\t<dt class='gallery-icon landscape'>\n\t\t\t\t<a class=\"grouped_elements\" rel=\"tc-fancybox-group\" href=\"https:\/\/www.bossrix.ee\/wp-content\/uploads\/2015\/11\/Kurem\u00e4e-kloostri-peakiriku-fassaadide-restaureerimine.jpg\" title=\"\"><img width=\"200\" height=\"200\" src=\"https:\/\/www.bossrix.ee\/wp-content\/uploads\/2015\/11\/Kurem\u00e4e-kloostri-peakiriku-fassaadide-restaureerimine-200x200.jpg\" class=\"attachment-thumbnail size-thumbnail\" alt=\"\" decoding=\"async\" loading=\"lazy\" \/><\/a>\n\t\t\t<\/dt><\/dl><dl class='gallery-item'>\n\t\t\t<dt class='gallery-icon landscape'>\n\t\t\t\t<a class=\"grouped_elements\" rel=\"tc-fancybox-group\" href=\"https:\/\/www.bossrix.ee\/wp-content\/uploads\/2015\/11\/Kurem\u00e4e-kloostri-peakiriku-fassaadide-rest..jpg\" title=\"\"><img width=\"200\" height=\"200\" src=\"https:\/\/www.bossrix.ee\/wp-content\/uploads\/2015\/11\/Kurem\u00e4e-kloostri-peakiriku-fassaadide-rest.-200x200.jpg\" class=\"attachment-thumbnail size-thumbnail\" alt=\"\" decoding=\"async\" loading=\"lazy\" \/><\/a>\n\t\t\t<\/dt><\/dl><dl class='gallery-item'>\n\t\t\t<dt class='gallery-icon landscape'>\n\t\t\t\t<a class=\"grouped_elements\" rel=\"tc-fancybox-group\" href=\"https:\/\/www.bossrix.ee\/wp-content\/uploads\/2015\/11\/Kurem\u00e4e-klooster-restaureeritud-fassaadid.jpg\" title=\"\"><img width=\"200\" height=\"200\" src=\"https:\/\/www.bossrix.ee\/wp-content\/uploads\/2015\/11\/Kurem\u00e4e-klooster-restaureeritud-fassaadid-200x200.jpg\" class=\"attachment-thumbnail size-thumbnail\" alt=\"\" decoding=\"async\" loading=\"lazy\" \/><\/a>\n\t\t\t<\/dt><\/dl><br style=\"clear: both\" \/><dl class='gallery-item'>\n\t\t\t<dt class='gallery-icon landscape'>\n\t\t\t\t<a class=\"grouped_elements\" rel=\"tc-fancybox-group\" href=\"https:\/\/www.bossrix.ee\/wp-content\/uploads\/2015\/11\/Kurem\u00e4e-klooster-P\u00fchade-V\u00e4ravate-restaureerimine.jpg\" title=\"\"><img width=\"200\" height=\"200\" src=\"https:\/\/www.bossrix.ee\/wp-content\/uploads\/2015\/11\/Kurem\u00e4e-klooster-P\u00fchade-V\u00e4ravate-restaureerimine-200x200.jpg\" class=\"attachment-thumbnail size-thumbnail\" alt=\"\" decoding=\"async\" loading=\"lazy\" \/><\/a>\n\t\t\t<\/dt><\/dl><dl class='gallery-item'>\n\t\t\t<dt class='gallery-icon landscape'>\n\t\t\t\t<a class=\"grouped_elements\" rel=\"tc-fancybox-group\" href=\"https:\/\/www.bossrix.ee\/wp-content\/uploads\/2015\/11\/Restaureeritud-P\u00fchad-V\u00e4ravad.jpg\" title=\"\"><img width=\"200\" height=\"200\" src=\"https:\/\/www.bossrix.ee\/wp-content\/uploads\/2015\/11\/Restaureeritud-P\u00fchad-V\u00e4ravad-200x200.jpg\" class=\"attachment-thumbnail size-thumbnail\" alt=\"\" decoding=\"async\" loading=\"lazy\" \/><\/a>\n\t\t\t<\/dt><\/dl><dl class='gallery-item'>\n\t\t\t<dt class='gallery-icon landscape'>\n\t\t\t\t<a class=\"grouped_elements\" rel=\"tc-fancybox-group\" href=\"https:\/\/www.bossrix.ee\/wp-content\/uploads\/2015\/11\/Kuremae.jpg\" title=\"\"><img width=\"200\" height=\"200\" src=\"https:\/\/www.bossrix.ee\/wp-content\/uploads\/2015\/11\/Kuremae-200x200.jpg\" class=\"attachment-thumbnail size-thumbnail\" alt=\"\" decoding=\"async\" loading=\"lazy\" \/><\/a>\n\t\t\t<\/dt><\/dl><br style=\"clear: both\" \/>\n\t\t<\/div>\n<\/p>","protected":false},"excerpt":{"rendered":"","protected":false},"author":2,"featured_media":0,"parent":10,"menu_order":0,"comment_status":"closed","ping_status":"closed","template":"","meta":[],"_links":{"self":[{"href":"https:\/\/www.bossrix.ee\/ru\/wp-json\/wp\/v2\/pages\/22"}],"collection":[{"href":"https:\/\/www.bossrix.ee\/ru\/wp-json\/wp\/v2\/pages"}],"about":[{"href":"https:\/\/www.bossrix.ee\/ru\/wp-json\/wp\/v2\/types\/page"}],"author":[{"embeddable":true,"href":"https:\/\/www.bossrix.ee\/ru\/wp-json\/wp\/v2\/users\/2"}],"replies":[{"embeddable":true,"href":"https:\/\/www.bossrix.ee\/ru\/wp-json\/wp\/v2\/comments?post=22"}],"version-history":[{"count":14,"href":"https:\/\/www.bossrix.ee\/ru\/wp-json\/wp\/v2\/pages\/22\/revisions"}],"predecessor-version":[{"id":181,"href":"https:\/\/www.bossrix.ee\/ru\/wp-json\/wp\/v2\/pages\/22\/revisions\/181"}],"up":[{"embeddable":true,"href":"https:\/\/www.bossrix.ee\/ru\/wp-json\/wp\/v2\/pages\/10"}],"wp:attachment":[{"href":"https:\/\/www.bossrix.ee\/ru\/wp-json\/wp\/v2\/media?parent=22"}],"curies":[{"name":"wp","href":"https:\/\/api.w.org\/{rel}","templated":true}]}}