{"id":10,"date":"2015-06-25T13:57:32","date_gmt":"2015-06-25T10:57:32","guid":{"rendered":"http:\/\/www.bossrix.ee\/?page_id=10"},"modified":"2024-01-22T10:01:13","modified_gmt":"2024-01-22T08:01:13","slug":"tehtud-tood","status":"publish","type":"page","link":"https:\/\/www.bossrix.ee\/en\/","title":{"rendered":"References"},"content":{"rendered":"<p><\/p>\n<table>\n<tbody>\n<tr>\n<td style=\"text-align: center;\" width=\"123\"><a href=\"http:\/\/www.bossrix.ee\/tehtud-tood\/betoonitood\/\">Concrete works<\/a><\/td>\n<td style=\"text-align: center;\" width=\"123\"><a href=\"http:\/\/www.bossrix.ee\/tehtud-tood\/fassaaditood\/\">Facade works<\/a><\/td>\n<td style=\"text-align: center;\" width=\"123\"><a href=\"http:\/\/www.bossrix.ee\/tehtud-tood\/katusetood\/\">Roof works<\/a><\/td>\n<td style=\"text-align: center;\" width=\"123\"><a href=\"http:\/\/www.bossrix.ee\/tehtud-tood\/kivitood\/\">Stone works<\/a><\/td>\n<td style=\"text-align: center;\" width=\"123\"><a href=\"http:\/\/www.bossrix.ee\/tehtud-tood\/muud-tood\/\">Other<\/a><\/td>\n<\/tr>\n<tr>\n<td style=\"text-align: center;\" width=\"123\"><a href=\"http:\/\/www.bossrix.ee\/tehtud-tood\/betoonitood\/\"><img decoding=\"async\" loading=\"lazy\" class=\"alignnone wp-image-283 size-thumbnail\" src=\"http:\/\/www.bossrix.ee\/wp-content\/uploads\/2023\/06\/1-200x200.jpg\" alt=\"\" width=\"200\" height=\"200\"><\/a><\/td>\n<td style=\"text-align: center;\" width=\"123\"><a href=\"http:\/\/www.bossrix.ee\/tehtud-tood\/fassaaditood\/\"><img decoding=\"async\" loading=\"lazy\" class=\"alignnone wp-image-68 size-thumbnail\" src=\"http:\/\/www.bossrix.ee\/wp-content\/uploads\/2015\/11\/Kurem\u00e4e-klooster-P\u00fchade-V\u00e4ravate-restaureerimine-200x200.jpg\" alt=\"\" width=\"200\" height=\"200\"><\/a><\/td>\n<td style=\"text-align: center;\" width=\"123\"><a href=\"http:\/\/bossrix.ee\/tehtud-tood\/katusetood\/\"><img decoding=\"async\" loading=\"lazy\" class=\"alignnone wp-image-291 size-thumbnail\" src=\"http:\/\/www.bossrix.ee\/wp-content\/uploads\/2023\/06\/9-200x200.jpg\" alt=\"\" width=\"200\" height=\"200\"><\/a><\/td>\n<td style=\"text-align: center;\" width=\"123\"><a href=\"http:\/\/bossrix.ee\/tehtud-tood\/kivitood\/\"><img decoding=\"async\" loading=\"lazy\" class=\"alignnone wp-image-44 size-thumbnail\" src=\"http:\/\/www.bossrix.ee\/wp-content\/uploads\/2015\/11\/CAM00245-200x200.jpg\" alt=\"\" width=\"200\" height=\"200\"><\/a><\/td>\n<td width=\"123\"><a href=\"http:\/\/www.bossrix.ee\/tehtud-tood\/muud-tood\/\"><img decoding=\"async\" loading=\"lazy\" class=\"alignnone wp-image-39 size-thumbnail\" src=\"http:\/\/www.bossrix.ee\/wp-content\/uploads\/2015\/11\/2013-07-03-12.47.39-200x200.jpg\" alt=\"\" width=\"200\" height=\"200\"><\/a><\/td>\n<\/tr>\n<\/tbody>\n<\/table>\n<p><\/p>\n\n\n<p><\/p>","protected":false},"excerpt":{"rendered":"<p>Sorry, this entry is only available in Estonian.<\/p>\n","protected":false},"author":2,"featured_media":0,"parent":0,"menu_order":0,"comment_status":"open","ping_status":"open","template":"","meta":[],"_links":{"self":[{"href":"https:\/\/www.bossrix.ee\/en\/wp-json\/wp\/v2\/pages\/10"}],"collection":[{"href":"https:\/\/www.bossrix.ee\/en\/wp-json\/wp\/v2\/pages"}],"about":[{"href":"https:\/\/www.bossrix.ee\/en\/wp-json\/wp\/v2\/types\/page"}],"author":[{"embeddable":true,"href":"https:\/\/www.bossrix.ee\/en\/wp-json\/wp\/v2\/users\/2"}],"replies":[{"embeddable":true,"href":"https:\/\/www.bossrix.ee\/en\/wp-json\/wp\/v2\/comments?post=10"}],"version-history":[{"count":36,"href":"https:\/\/www.bossrix.ee\/en\/wp-json\/wp\/v2\/pages\/10\/revisions"}],"predecessor-version":[{"id":320,"href":"https:\/\/www.bossrix.ee\/en\/wp-json\/wp\/v2\/pages\/10\/revisions\/320"}],"wp:attachment":[{"href":"https:\/\/www.bossrix.ee\/en\/wp-json\/wp\/v2\/media?parent=10"}],"curies":[{"name":"wp","href":"https:\/\/api.w.org\/{rel}","templated":true}]}}